{"id":86,"date":"2014-10-25T23:48:08","date_gmt":"2014-10-26T03:48:08","guid":{"rendered":"http:\/\/juliencarignan.com\/projets\/cieco\/?page_id=86"},"modified":"2016-11-03T13:04:47","modified_gmt":"2016-11-03T17:04:47","slug":"partenaires","status":"publish","type":"page","link":"http:\/\/cieco.umontreal.ca\/en\/partenaires\/","title":{"rendered":"Partners"},"content":{"rendered":"<p><\/p>\n<h3>Mus\u00e9e d&#8217;art de Joliette<\/h3>\n<p>&nbsp;<\/p>\n<p><img loading=\"lazy\" decoding=\"async\" class=\"alignnone wp-image-993 size-large\" src=\"http:\/\/cieco.umontreal.ca\/wp-content\/uploads\/2014\/10\/maj_exterieur_soustitre-700x385.jpg\" alt=\"maj_exterieur_soustitre\" width=\"700\" height=\"385\" srcset=\"http:\/\/cieco.umontreal.ca\/wp-content\/uploads\/2014\/10\/maj_exterieur_soustitre-700x385.jpg 700w, http:\/\/cieco.umontreal.ca\/wp-content\/uploads\/2014\/10\/maj_exterieur_soustitre-250x137.jpg 250w, http:\/\/cieco.umontreal.ca\/wp-content\/uploads\/2014\/10\/maj_exterieur_soustitre-768x422.jpg 768w, http:\/\/cieco.umontreal.ca\/wp-content\/uploads\/2014\/10\/maj_exterieur_soustitre-120x66.jpg 120w\" sizes=\"auto, (max-width: 700px) 100vw, 700px\" \/><\/p>\n<p>&nbsp;<\/p>\n<p>&nbsp;<\/p>\n<h3>Montreal Museum of Fine Arts<\/h3>\n<p>&nbsp;<\/p>\n<p><img loading=\"lazy\" decoding=\"async\" class=\"alignnone wp-image-997 size-large\" src=\"http:\/\/cieco.umontreal.ca\/wp-content\/uploads\/2014\/10\/mbam_pavillonjeannoeldesmarais_bernardfougeresjean-francoislejeune_neu-700x534.jpg\" alt=\"mbam_pavillonjeannoeldesmarais_bernardfougeresjean-francoislejeune_neu\" width=\"700\" height=\"534\" srcset=\"http:\/\/cieco.umontreal.ca\/wp-content\/uploads\/2014\/10\/mbam_pavillonjeannoeldesmarais_bernardfougeresjean-francoislejeune_neu-700x534.jpg 700w, http:\/\/cieco.umontreal.ca\/wp-content\/uploads\/2014\/10\/mbam_pavillonjeannoeldesmarais_bernardfougeresjean-francoislejeune_neu-250x191.jpg 250w, http:\/\/cieco.umontreal.ca\/wp-content\/uploads\/2014\/10\/mbam_pavillonjeannoeldesmarais_bernardfougeresjean-francoislejeune_neu-768x586.jpg 768w, http:\/\/cieco.umontreal.ca\/wp-content\/uploads\/2014\/10\/mbam_pavillonjeannoeldesmarais_bernardfougeresjean-francoislejeune_neu-120x92.jpg 120w, http:\/\/cieco.umontreal.ca\/wp-content\/uploads\/2014\/10\/mbam_pavillonjeannoeldesmarais_bernardfougeresjean-francoislejeune_neu.jpg 1484w\" sizes=\"auto, (max-width: 700px) 100vw, 700px\" \/><\/p>\n<h3><\/h3>\n<p>&nbsp;<\/p>\n<h3>Mus\u00e9e national des beaux-arts du Qu\u00e9bec<\/h3>\n<p>&nbsp;<\/p>\n<p><img loading=\"lazy\" decoding=\"async\" class=\"alignnone wp-image-994 size-large\" src=\"http:\/\/cieco.umontreal.ca\/wp-content\/uploads\/2014\/10\/2016-08-01_IL_001_st-neu-700x467.jpg\" alt=\"Photo : Idra Labrie\" width=\"700\" height=\"467\" srcset=\"http:\/\/cieco.umontreal.ca\/wp-content\/uploads\/2014\/10\/2016-08-01_IL_001_st-neu-700x467.jpg 700w, http:\/\/cieco.umontreal.ca\/wp-content\/uploads\/2014\/10\/2016-08-01_IL_001_st-neu-250x167.jpg 250w, http:\/\/cieco.umontreal.ca\/wp-content\/uploads\/2014\/10\/2016-08-01_IL_001_st-neu-768x512.jpg 768w, http:\/\/cieco.umontreal.ca\/wp-content\/uploads\/2014\/10\/2016-08-01_IL_001_st-neu-120x80.jpg 120w\" sizes=\"auto, (max-width: 700px) 100vw, 700px\" \/><\/p>\n<p>&nbsp;<\/p>\n<h3><strong>\u00a0<\/strong><\/h3>\n<p><\/p>","protected":false},"excerpt":{"rendered":"Mus\u00e9e d&#8217;art de Joliette &nbsp; &nbsp; &nbsp; Montreal Museum of Fine Arts &nbsp; &nbsp; Mus\u00e9e national des beaux-arts du Qu\u00e9bec &nbsp; &nbsp; \u00a0","protected":false},"author":4,"featured_media":0,"parent":0,"menu_order":4,"comment_status":"closed","ping_status":"open","template":"page_partenaires.php","meta":{"footnotes":""},"class_list":["post-86","page","type-page","status-publish","hentry"],"_links":{"self":[{"href":"http:\/\/cieco.umontreal.ca\/en\/wp-json\/wp\/v2\/pages\/86","targetHints":{"allow":["GET"]}}],"collection":[{"href":"http:\/\/cieco.umontreal.ca\/en\/wp-json\/wp\/v2\/pages"}],"about":[{"href":"http:\/\/cieco.umontreal.ca\/en\/wp-json\/wp\/v2\/types\/page"}],"author":[{"embeddable":true,"href":"http:\/\/cieco.umontreal.ca\/en\/wp-json\/wp\/v2\/users\/4"}],"replies":[{"embeddable":true,"href":"http:\/\/cieco.umontreal.ca\/en\/wp-json\/wp\/v2\/comments?post=86"}],"version-history":[{"count":52,"href":"http:\/\/cieco.umontreal.ca\/en\/wp-json\/wp\/v2\/pages\/86\/revisions"}],"predecessor-version":[{"id":1000,"href":"http:\/\/cieco.umontreal.ca\/en\/wp-json\/wp\/v2\/pages\/86\/revisions\/1000"}],"wp:attachment":[{"href":"http:\/\/cieco.umontreal.ca\/en\/wp-json\/wp\/v2\/media?parent=86"}],"curies":[{"name":"wp","href":"https:\/\/api.w.org\/{rel}","templated":true}]}}