{"id":59,"date":"2014-10-22T06:50:24","date_gmt":"2014-10-22T10:50:24","guid":{"rendered":"http:\/\/juliencarignan.com\/projets\/cieco\/?page_id=59"},"modified":"2021-05-11T14:44:04","modified_gmt":"2021-05-11T18:44:04","slug":"contactez-nous","status":"publish","type":"page","link":"http:\/\/cieco.umontreal.ca\/en\/contactez-nous\/","title":{"rendered":"Contact Us"},"content":{"rendered":"<p><\/p>\n<h3><b>Office<\/b><\/h3>\n<p>Universit\u00e9 de Montr\u00e9al<br \/>\nLocal C-2140 &#8211; Pavillon Lionel-Groulx<br \/>\n3150, rue Jean-Brillant<br \/>\nMontr\u00e9al (Qu\u00e9bec)<br \/>\nH3T 1N8<\/p>\n<p>&nbsp;<\/p>\n<h3><b>Email<\/b><\/h3>\n<p><a href=\"mailto:cieco@cieco.umontreal.ca\">cieco@cieco.umontreal.ca<\/a><\/p>\n<p>&nbsp;<\/p>\n<h3><b>Mailing Address<\/b><\/h3>\n<p>Groupe de recherche CI\u00c9CO<br \/>\nD\u00e9partement d\u2019histoire de l\u2019art et d\u2019\u00e9tudes cin\u00e9matographiques<br \/>\nUniversit\u00e9 de Montr\u00e9al<br \/>\nPavillon Lionel-Groulx<br \/>\nCase postale 6128, succ. Centre-ville<br \/>\nMontr\u00e9al (Qu\u00e9bec)<br \/>\nH3C 3J7<\/p>","protected":false},"excerpt":{"rendered":"Office Universit\u00e9 de Montr\u00e9al Local C-2140 &#8211; Pavillon Lionel-Groulx 3150, rue Jean-Brillant Montr\u00e9al (Qu\u00e9bec) H3T 1N8 &nbsp; Email cieco@cieco.umontreal.ca &nbsp; Mailing Address Groupe de recherche CI\u00c9CO D\u00e9partement d\u2019histoire de l\u2019art [&hellip;]","protected":false},"author":4,"featured_media":0,"parent":0,"menu_order":8,"comment_status":"closed","ping_status":"open","template":"page_contacts.php","meta":{"footnotes":""},"class_list":["post-59","page","type-page","status-publish","hentry"],"_links":{"self":[{"href":"http:\/\/cieco.umontreal.ca\/en\/wp-json\/wp\/v2\/pages\/59","targetHints":{"allow":["GET"]}}],"collection":[{"href":"http:\/\/cieco.umontreal.ca\/en\/wp-json\/wp\/v2\/pages"}],"about":[{"href":"http:\/\/cieco.umontreal.ca\/en\/wp-json\/wp\/v2\/types\/page"}],"author":[{"embeddable":true,"href":"http:\/\/cieco.umontreal.ca\/en\/wp-json\/wp\/v2\/users\/4"}],"replies":[{"embeddable":true,"href":"http:\/\/cieco.umontreal.ca\/en\/wp-json\/wp\/v2\/comments?post=59"}],"version-history":[{"count":27,"href":"http:\/\/cieco.umontreal.ca\/en\/wp-json\/wp\/v2\/pages\/59\/revisions"}],"predecessor-version":[{"id":1238,"href":"http:\/\/cieco.umontreal.ca\/en\/wp-json\/wp\/v2\/pages\/59\/revisions\/1238"}],"wp:attachment":[{"href":"http:\/\/cieco.umontreal.ca\/en\/wp-json\/wp\/v2\/media?parent=59"}],"curies":[{"name":"wp","href":"https:\/\/api.w.org\/{rel}","templated":true}]}}