{"id":53,"date":"2014-10-22T06:49:17","date_gmt":"2014-10-22T10:49:17","guid":{"rendered":"http:\/\/juliencarignan.com\/projets\/cieco\/?page_id=53"},"modified":"2016-11-04T01:31:26","modified_gmt":"2016-11-04T05:31:26","slug":"equipe","status":"publish","type":"page","link":"http:\/\/cieco.umontreal.ca\/en\/equipe\/","title":{"rendered":"Research Team"},"content":{"rendered":"<p>&nbsp;<\/p>\n<p>Johanne Lamoureux, a full professor of art history at the Universit\u00e9 de Montr\u00e9al and director of the D\u00e9partement des \u00e9tudes et de la recherche at the Institut national d\u2019histoire de l\u2019art (INHA), in Paris, is the director of the project and the partnership. She has extensive experience as an exhibition curator, administrator, researcher and editor. The co-researchers are Marie Fraser, a regular professor of art history at the Universit\u00e9 du Qu\u00e9bec \u00e0 Montr\u00e9al, and M\u00e9lanie Boucher, a professor of heritage and museum studies at the Universit\u00e9 du Qu\u00e9bec en Outaouais. The university researchers, who are at different stages of their careers, all have a practical knowledge of the museum environment.<\/p>\n<p>&nbsp;<\/p>\n<p>&nbsp;<\/p>\n<p><img loading=\"lazy\" decoding=\"async\" class=\"alignnone wp-image-555 size-large\" src=\"http:\/\/cieco.umontreal.ca\/wp-content\/uploads\/2014\/10\/dsc05530-700x465.jpg\" alt=\"Johanne Lamoureux, Marie Fraser, and M\u00e9lanie Boucher Photo : Lamis Khalif\u00e9\" width=\"700\" height=\"465\" srcset=\"http:\/\/cieco.umontreal.ca\/wp-content\/uploads\/2014\/10\/dsc05530-700x465.jpg 700w, http:\/\/cieco.umontreal.ca\/wp-content\/uploads\/2014\/10\/dsc05530-250x166.jpg 250w, http:\/\/cieco.umontreal.ca\/wp-content\/uploads\/2014\/10\/dsc05530-768x510.jpg 768w, http:\/\/cieco.umontreal.ca\/wp-content\/uploads\/2014\/10\/dsc05530-120x80.jpg 120w\" sizes=\"auto, (max-width: 700px) 100vw, 700px\" \/><\/p>\n<p><i>Collections: They\u2019re Back!\u00a0<\/i>Symposium at the Mus\u00e9e d\u2019art de Joliette, March 19th, 2016. Johanne Lamoureux, Marie Fraser, and M\u00e9lanie Boucher<\/p>\n<p>&nbsp;<\/p>\n<p><img loading=\"lazy\" decoding=\"async\" class=\"alignnone wp-image-556 size-large\" src=\"http:\/\/cieco.umontreal.ca\/wp-content\/uploads\/2014\/10\/dsc05504-700x465.jpg\" alt=\"Johanne Lamoureux and Marie Fraser Photo : Lamis Khalif\u00e9\" width=\"700\" height=\"465\" srcset=\"http:\/\/cieco.umontreal.ca\/wp-content\/uploads\/2014\/10\/dsc05504-700x465.jpg 700w, http:\/\/cieco.umontreal.ca\/wp-content\/uploads\/2014\/10\/dsc05504-250x166.jpg 250w, http:\/\/cieco.umontreal.ca\/wp-content\/uploads\/2014\/10\/dsc05504-768x510.jpg 768w, http:\/\/cieco.umontreal.ca\/wp-content\/uploads\/2014\/10\/dsc05504-120x80.jpg 120w\" sizes=\"auto, (max-width: 700px) 100vw, 700px\" \/><\/p>\n<p>&nbsp;<\/p>\n<p>&nbsp;<\/p>\n<p><img loading=\"lazy\" decoding=\"async\" class=\"alignnone wp-image-557 size-large\" src=\"http:\/\/cieco.umontreal.ca\/wp-content\/uploads\/2014\/10\/dsc05509-700x465.jpg\" alt=\"M\u00e9lanie Boucher and Louis-Andr\u00e9 Par\u00e9 Photo : Lamis Khalif\u00e9\" width=\"700\" height=\"465\" srcset=\"http:\/\/cieco.umontreal.ca\/wp-content\/uploads\/2014\/10\/dsc05509-700x465.jpg 700w, http:\/\/cieco.umontreal.ca\/wp-content\/uploads\/2014\/10\/dsc05509-250x166.jpg 250w, http:\/\/cieco.umontreal.ca\/wp-content\/uploads\/2014\/10\/dsc05509-768x510.jpg 768w, http:\/\/cieco.umontreal.ca\/wp-content\/uploads\/2014\/10\/dsc05509-120x80.jpg 120w\" sizes=\"auto, (max-width: 700px) 100vw, 700px\" \/><\/p>\n<p>M\u00e9lanie Boucher and Andr\u00e9-Louis Par\u00e9<\/p>\n<h5><\/h5>\n<p>&nbsp;<\/p>\n<h5><\/h5>\n<p>&nbsp;<\/p>","protected":false},"excerpt":{"rendered":"&nbsp; Johanne Lamoureux, a full professor of art history at the Universit\u00e9 de Montr\u00e9al and director of the D\u00e9partement des \u00e9tudes et de la recherche at the Institut national d\u2019histoire [&hellip;]","protected":false},"author":4,"featured_media":0,"parent":0,"menu_order":3,"comment_status":"closed","ping_status":"open","template":"page_equipe.php","meta":{"footnotes":""},"class_list":["post-53","page","type-page","status-publish","hentry"],"_links":{"self":[{"href":"http:\/\/cieco.umontreal.ca\/en\/wp-json\/wp\/v2\/pages\/53","targetHints":{"allow":["GET"]}}],"collection":[{"href":"http:\/\/cieco.umontreal.ca\/en\/wp-json\/wp\/v2\/pages"}],"about":[{"href":"http:\/\/cieco.umontreal.ca\/en\/wp-json\/wp\/v2\/types\/page"}],"author":[{"embeddable":true,"href":"http:\/\/cieco.umontreal.ca\/en\/wp-json\/wp\/v2\/users\/4"}],"replies":[{"embeddable":true,"href":"http:\/\/cieco.umontreal.ca\/en\/wp-json\/wp\/v2\/comments?post=53"}],"version-history":[{"count":58,"href":"http:\/\/cieco.umontreal.ca\/en\/wp-json\/wp\/v2\/pages\/53\/revisions"}],"predecessor-version":[{"id":1044,"href":"http:\/\/cieco.umontreal.ca\/en\/wp-json\/wp\/v2\/pages\/53\/revisions\/1044"}],"wp:attachment":[{"href":"http:\/\/cieco.umontreal.ca\/en\/wp-json\/wp\/v2\/media?parent=53"}],"curies":[{"name":"wp","href":"https:\/\/api.w.org\/{rel}","templated":true}]}}