{"id":28,"date":"2014-10-16T00:21:11","date_gmt":"2014-10-16T05:21:11","guid":{"rendered":"http:\/\/juliencarignan.com\/projets\/cieco\/?page_id=28"},"modified":"2022-10-26T13:40:24","modified_gmt":"2022-10-26T17:40:24","slug":"accueil","status":"publish","type":"page","link":"http:\/\/cieco.umontreal.ca\/en\/","title":{"rendered":"Home"},"content":{"rendered":"<p><strong>Museum Collections in the Context of the Event Imperative<\/strong><\/p>\n<p>&nbsp;<\/p>\n<p>The research and inquiry group CI\u00c9CO: Collections et imp\u00e9ratif \u00e9v\u00e8nementiel\/The Convulsive Collections is the first to bring together the two institutional heads of the discipline of art history, namely, the museum and the university, in a joint project focusing on the development and promotion of museum collections. In an attempt to compete with the increasing, and increasingly mediatized, prestige of exhibitions in the 20th century, museums began to construct their collections in ways that fueled the many large-scale events that people have come to expect from them.<\/p>","protected":false},"excerpt":{"rendered":"Museum Collections in the Context of the Event Imperative &nbsp; The research and inquiry group CI\u00c9CO: Collections et imp\u00e9ratif \u00e9v\u00e8nementiel\/The Convulsive Collections is the first to bring together the two [&hellip;]","protected":false},"author":4,"featured_media":0,"parent":0,"menu_order":1,"comment_status":"closed","ping_status":"open","template":"page_home.php","meta":{"footnotes":""},"class_list":["post-28","page","type-page","status-publish","hentry"],"_links":{"self":[{"href":"http:\/\/cieco.umontreal.ca\/en\/wp-json\/wp\/v2\/pages\/28","targetHints":{"allow":["GET"]}}],"collection":[{"href":"http:\/\/cieco.umontreal.ca\/en\/wp-json\/wp\/v2\/pages"}],"about":[{"href":"http:\/\/cieco.umontreal.ca\/en\/wp-json\/wp\/v2\/types\/page"}],"author":[{"embeddable":true,"href":"http:\/\/cieco.umontreal.ca\/en\/wp-json\/wp\/v2\/users\/4"}],"replies":[{"embeddable":true,"href":"http:\/\/cieco.umontreal.ca\/en\/wp-json\/wp\/v2\/comments?post=28"}],"version-history":[{"count":49,"href":"http:\/\/cieco.umontreal.ca\/en\/wp-json\/wp\/v2\/pages\/28\/revisions"}],"predecessor-version":[{"id":1552,"href":"http:\/\/cieco.umontreal.ca\/en\/wp-json\/wp\/v2\/pages\/28\/revisions\/1552"}],"wp:attachment":[{"href":"http:\/\/cieco.umontreal.ca\/en\/wp-json\/wp\/v2\/media?parent=28"}],"curies":[{"name":"wp","href":"https:\/\/api.w.org\/{rel}","templated":true}]}}